{"id":2582,"date":"2020-10-06T01:30:55","date_gmt":"2020-10-05T22:30:55","guid":{"rendered":"https:\/\/www.intheranostics.com\/?page_id=2582"},"modified":"2020-11-08T23:51:39","modified_gmt":"2020-11-08T20:51:39","slug":"about-us","status":"publish","type":"page","link":"https:\/\/www.intheranostics.com\/en\/about-us\/","title":{"rendered":"About Us"},"content":{"rendered":"<p>[et_pb_section fb_built=&#8221;1&#8243; inner_shadow=&#8221;on&#8221; fullwidth=&#8221;on&#8221; _builder_version=&#8221;4.4.8&#8243; background_color=&#8221;rgba(0,0,0,0)&#8221; background_image=&#8221;https:\/\/www.intheranostics.com\/wp-content\/uploads\/2020\/09\/New-Project-6.jpg&#8221; min_height=&#8221;360px&#8221; custom_padding=&#8221;100px||100px||false|false&#8221;][et_pb_fullwidth_header title=&#8221;About Us&#8221; _builder_version=&#8221;4.4.8&#8243; background_enable_color=&#8221;off&#8221; hover_enabled=&#8221;0&#8243; title_font_size=&#8221;50px&#8221;][\/et_pb_fullwidth_header][\/et_pb_section][et_pb_section fb_built=&#8221;1&#8243; _builder_version=&#8221;4.4.8&#8243; custom_margin=&#8221;0px||0px||false|false&#8221; custom_padding=&#8221;0px|0px|0px|0px|false|false&#8221;][et_pb_row _builder_version=&#8221;4.4.8&#8243; custom_margin=&#8221;0px||||false|false&#8221; custom_padding=&#8221;0px|0px|0px|0px|false|false&#8221;][et_pb_column type=&#8221;4_4&#8243; _builder_version=&#8221;4.4.8&#8243;][et_pb_divider divider_weight=&#8221;0px&#8221; _builder_version=&#8221;4.4.8&#8243; use_background_color_gradient=&#8221;on&#8221; background_color_gradient_start=&#8221;#8dd2e1&#8243; background_color_gradient_end=&#8221;#23afca&#8221; background_color_gradient_direction=&#8221;90deg&#8221; width=&#8221;50%&#8221; module_alignment=&#8221;center&#8221; height=&#8221;10px&#8221;][\/et_pb_divider][\/et_pb_column][\/et_pb_row][\/et_pb_section][et_pb_section fb_built=&#8221;1&#8243; admin_label=&#8221;section&#8221; _builder_version=&#8221;3.22&#8243;][et_pb_row _builder_version=&#8221;4.4.8&#8243;][et_pb_column _builder_version=&#8221;4.4.8&#8243; type=&#8221;4_4&#8243;][et_pb_text _builder_version=&#8221;4.4.8&#8243; hover_enabled=&#8221;0&#8243;]<\/p>\n<h2><strong>Who Are We?<\/strong><\/h2>\n<p><strong>Intheranostics.com<\/strong>;\u00a0<span data-sheets-value=\"{&quot;1&quot;:2,&quot;2&quot;:&quot;\\&quot;Intheranostics.com, is a digital platform that provides theranostic health services. Intheranostics.com is presented by MNT which is, operating under Bozlu Holding, a company investing in healthcare and medical technologies. MNT, Turkey's first provider of Nuclear Medicine services, contributes significantly to the health systems of the countries it operates in. It has successfully applied the most up-to-date and modern \\&quot;Nuclear Medicine and Radiation Oncology\\&quot; diagnosis-treatment methods in the countries where it operates, and has pioneered the sector in this sense. MNT has touched hundreds of thousands of cancer patients from all over the world for more than 30 years, and carries this experience to all centers where it operates. With its dynamic structure open to development following technology and innovations in the sector, it is among the \u201cmost experienced health service providers\u201d in the field of oncology, and serves patients in many Nuclear Medicine and Radiation Oncology Centers within universities, state hospitals and private hospitals. Intheranostics.com; It is a digital platform that presents MNT's theranostic applications in the field of Nuclear Medicine in a comprehensive way and aims to provide services worldwide. It aims to guide patients and physicians about personalized diagnosis and treatments in cancer, and to manage the diagnosis and treatment process in the best way, with detailed and accurate analyzes.\\&quot;&quot;}\" data-sheets-userformat=\"{&quot;2&quot;:1059779,&quot;3&quot;:{&quot;1&quot;:0},&quot;4&quot;:[null,2,16316922],&quot;9&quot;:0,&quot;10&quot;:0,&quot;11&quot;:4,&quot;12&quot;:0,&quot;14&quot;:[null,2,2236962],&quot;16&quot;:11,&quot;23&quot;:1}\">is a digital platform that provides theranostic health services. Intheranostics.com is presented by MNT which is, operating under Bozlu Holding, a company investing in healthcare and medical technologies. MNT, Turkey&#8217;s first provider of Nuclear Medicine services, contributes significantly to the health systems of the countries it operates in. It has successfully applied the most up-to-date and modern &#8220;Nuclear Medicine and Radiation Oncology&#8221; diagnosis-treatment methods in the countries where it operates, and has pioneered the sector in this sense. MNT has touched hundreds of thousands of cancer patients from all over the world for more than 30 years, and carries this experience to all centers where it operates. With its dynamic structure open to development following technology and innovations in the sector, it is among the \u201cmost experienced health service providers\u201d in the field of oncology, and serves patients in many Nuclear Medicine and Radiation Oncology Centers within universities, state hospitals and private hospitals. Intheranostics.com; It is a digital platform that presents MNT&#8217;s theranostic applications in the field of Nuclear Medicine in a comprehensive way and aims to provide services worldwide. It aims to guide patients and physicians about personalized diagnosis and treatments in cancer, and to manage the diagnosis and treatment process in the best way, with detailed and accurate analyzes.<\/span><\/p>\n<h2><strong>Our Mission<\/strong><\/h2>\n<p><span data-sheets-value=\"{&quot;1&quot;:2,&quot;2&quot;:&quot;\\nTo provide comprehensive and accurate information about personalized diagnoses and treatments to patients and related physicians who can benefit from theranostic practices, and to facilitate access for cancer patients to theranostic methods.&quot;}\" data-sheets-userformat=\"{&quot;2&quot;:9153,&quot;3&quot;:{&quot;1&quot;:0},&quot;9&quot;:1,&quot;10&quot;:1,&quot;11&quot;:4,&quot;12&quot;:0,&quot;16&quot;:11}\">To provide comprehensive and accurate information about personalized diagnoses and treatments to patients and related physicians who can benefit from theranostic practices, and to facilitate access for cancer patients to theranostic methods.<\/span><\/p>\n<h2><strong>Our Vision<\/strong><\/h2>\n<p><span data-sheets-value=\"{&quot;1&quot;:2,&quot;2&quot;:&quot;To be a platform that is refferenced in the field of theranostic applications worldwide.\\n&quot;}\" data-sheets-userformat=\"{&quot;2&quot;:9153,&quot;3&quot;:{&quot;1&quot;:0},&quot;9&quot;:1,&quot;10&quot;:1,&quot;11&quot;:4,&quot;12&quot;:0,&quot;16&quot;:11}\">To be a platform that is refferenced in the field of theranostic applications worldwide.<br \/> <\/span><\/p>\n<p>[\/et_pb_text][\/et_pb_column][\/et_pb_row][\/et_pb_section]<\/p>\n","protected":false},"excerpt":{"rendered":"<p>[et_pb_section fb_built=&#8221;1&#8243; inner_shadow=&#8221;on&#8221; fullwidth=&#8221;on&#8221; _builder_version=&#8221;4.4.8&#8243; background_color=&#8221;rgba(0,0,0,0)&#8221; background_image=&#8221;https:\/\/www.intheranostics.com\/wp-content\/uploads\/2020\/09\/New-Project-6.jpg&#8221; min_height=&#8221;360px&#8221; custom_padding=&#8221;100px||100px||false|false&#8221;][et_pb_fullwidth_header title=&#8221;About Us&#8221; _builder_version=&#8221;4.4.8&#8243; background_enable_color=&#8221;off&#8221; hover_enabled=&#8221;0&#8243; title_font_size=&#8221;50px&#8221;][\/et_pb_fullwidth_header][\/et_pb_section][et_pb_section fb_built=&#8221;1&#8243; _builder_version=&#8221;4.4.8&#8243; custom_margin=&#8221;0px||0px||false|false&#8221; custom_padding=&#8221;0px|0px|0px|0px|false|false&#8221;][et_pb_row _builder_version=&#8221;4.4.8&#8243; custom_margin=&#8221;0px||||false|false&#8221; custom_padding=&#8221;0px|0px|0px|0px|false|false&#8221;][et_pb_column type=&#8221;4_4&#8243; _builder_version=&#8221;4.4.8&#8243;][et_pb_divider divider_weight=&#8221;0px&#8221; _builder_version=&#8221;4.4.8&#8243; use_background_color_gradient=&#8221;on&#8221; background_color_gradient_start=&#8221;#8dd2e1&#8243; background_color_gradient_end=&#8221;#23afca&#8221; background_color_gradient_direction=&#8221;90deg&#8221; width=&#8221;50%&#8221; module_alignment=&#8221;center&#8221; height=&#8221;10px&#8221;][\/et_pb_divider][\/et_pb_column][\/et_pb_row][\/et_pb_section][et_pb_section fb_built=&#8221;1&#8243; admin_label=&#8221;section&#8221; _builder_version=&#8221;3.22&#8243;][et_pb_row _builder_version=&#8221;4.4.8&#8243;][et_pb_column _builder_version=&#8221;4.4.8&#8243; type=&#8221;4_4&#8243;][et_pb_text _builder_version=&#8221;4.4.8&#8243; hover_enabled=&#8221;0&#8243;] Who Are We? Intheranostics.com;\u00a0is a digital platform that provides theranostic health services. Intheranostics.com is [&hellip;]<\/p>\n","protected":false},"author":6,"featured_media":0,"parent":0,"menu_order":0,"comment_status":"closed","ping_status":"closed","template":"","meta":{"_et_pb_use_builder":"on","_et_pb_old_content":"<p>[et_pb_section fb_built=\"1\" inner_shadow=\"on\" fullwidth=\"on\" _builder_version=\"4.4.8\" background_color=\"rgba(0,0,0,0)\" background_image=\"https:\/\/www.intheranostics.com\/wp-content\/uploads\/2020\/09\/New-Project-6.jpg\" min_height=\"360px\" custom_padding=\"100px||100px||false|false\" hover_enabled=\"0\" title_text=\"New Project (6)\"][et_pb_fullwidth_header title=\"Hakk\u0131m\u0131zda\" text_orientation=\"center\" _builder_version=\"4.4.8\" title_font_size=\"50px\" background_enable_color=\"off\" background_enable_image=\"off\" max_width=\"600px\" custom_margin=\"0px|0px|0px|0px|false|false\" custom_padding=\"0px|0px|0px|0px|false|false\" animation_style=\"slide\" animation_direction=\"bottom\" text_shadow_style=\"preset5\" text_shadow_horizontal_length=\"0.21em\"][\/et_pb_fullwidth_header][\/et_pb_section][et_pb_section fb_built=\"1\" _builder_version=\"4.4.8\" custom_margin=\"0px||0px||false|false\" custom_padding=\"0px|0px|0px|0px|false|false\"][et_pb_row _builder_version=\"4.4.8\" custom_margin=\"0px||||false|false\" custom_padding=\"0px|0px|0px|0px|false|false\"][et_pb_column type=\"4_4\" _builder_version=\"4.4.8\"][et_pb_divider divider_weight=\"0px\" _builder_version=\"4.4.8\" use_background_color_gradient=\"on\" background_color_gradient_start=\"#8dd2e1\" background_color_gradient_end=\"#23afca\" background_color_gradient_direction=\"90deg\" width=\"50%\" module_alignment=\"center\" height=\"10px\"][\/et_pb_divider][\/et_pb_column][\/et_pb_row][\/et_pb_section][et_pb_section fb_built=\"1\" admin_label=\"section\" _builder_version=\"3.22\"][et_pb_row admin_label=\"row\" _builder_version=\"4.4.8\" background_size=\"initial\" background_position=\"top_left\" background_repeat=\"repeat\" custom_margin=\"||||false|false\" custom_padding=\"0px|0px|0px|0px|false|false\"][et_pb_column type=\"4_4\" _builder_version=\"3.25\" custom_padding=\"|||\" custom_padding__hover=\"|||\"][et_pb_text admin_label=\"Text\" _builder_version=\"4.4.8\" background_size=\"initial\" background_position=\"top_left\" background_repeat=\"repeat\" max_width=\"760px\" module_alignment=\"center\"]<\/p><h2><strong>Biz Kimiz?<\/strong><\/h2><p><strong>Intheranostics.com<\/strong>; Avrupa ve Amerika k\u0131talar\u0131nda sa\u011fl\u0131k ve sa\u011fl\u0131\u011f\u0131 destekleyen teknoloji yat\u0131r\u0131mlar\u0131n\u0131n yan\u0131 s\u0131ra sanat alan\u0131nda da faaliyet g\u00f6steren\u00a0Bozlu Holding\u2019in \u201c<strong>MNT<\/strong>\u201d firmas\u0131 alt\u0131nda kurdu\u011fu, teranostik sa\u011fl\u0131k hizmetleri sunan dijital bir platformdur. T\u00fcrkiye'nin N\u00fckleer T\u0131p i\u015fletmecili\u011fi alan\u0131nda ilk kurulu\u015fu olan MNT, faaliyette bulundu\u011fu \u00fclkelerin sa\u011fl\u0131k sistemlerine \u00f6nemli katk\u0131larda bulunmaktad\u0131r. En g\u00fcncel ve modern \u201cN\u00fckleer T\u0131p ve Radyasyon Onkolojisi\u201d te\u015fhis-tedavi y\u00f6ntemlerini bulundu\u011fu \u00fclkelerde ba\u015far\u0131 ile uygulam\u0131\u015f, bu anlamda sekt\u00f6re \u00f6nc\u00fcl\u00fck etmi\u015ftir.<\/p><p>30 y\u0131l\u0131 a\u015fk\u0131n s\u00fcredir, d\u00fcnyan\u0131n d\u00f6rt bir yan\u0131ndan y\u00fczbinlerce kanser hastas\u0131na dokunan MNT, kazand\u0131\u011f\u0131 bu deneyimi i\u015fletmecili\u011fini \u00fcstlendi\u011fi t\u00fcm merkezlere ta\u015f\u0131maktad\u0131r. Teknolojiyi ve sekt\u00f6rdeki yenilikleri takip eden geli\u015fime a\u00e7\u0131k dinamik yap\u0131s\u0131 ile onkoloji alan\u0131ndaki \u201cen deneyimli sa\u011fl\u0131k hizmeti sunucular\u0131\u201d aras\u0131nda yer alarak, \u00fcniversite, devlet hastanesi ve \u00f6zel hastane b\u00fcnyesindeki \u00e7ok say\u0131da N\u00fckleer T\u0131p ve Radyasyon Onkolojisi Merkezlerinde hastalara hizmet vermektedir.<\/p><p>Intheranostics.com; MNT\u2019nin N\u00fckleer T\u0131p alan\u0131ndaki teranostik uygulamalar\u0131n\u0131 kapsaml\u0131 bir \u015fekilde sunan ve d\u00fcnya \u00e7ap\u0131nda hizmet vermeyi ama\u00e7 edinen dijital bir platformdur. Yap\u0131lan detayl\u0131 ve do\u011fru analizlerle, kanser hastal\u0131\u011f\u0131nda ki\u015fiselle\u015ftirilmi\u015f tan\u0131 ve tedaviler hakk\u0131nda hastalara ve hekimlere yol g\u00f6stermeyi, tan\u0131 ve tedavi s\u00fcrecini en iyi \u015fekilde y\u00f6netmeyi hedeflemektedir.<\/p><h2><strong>Misyonumuz<\/strong><\/h2><p>Teranostik uygulamalardan faydalanabilecek hastalara ve ilgili hekimlere, ki\u015fiselle\u015ftirilmi\u015f tan\u0131 ve tedaviler hakk\u0131nda kapsaml\u0131 ve do\u011fru bilgiler vermek, kanser hastalar\u0131n\u0131n teranostik y\u00f6ntemlere eri\u015fimini kolayla\u015ft\u0131rmakt\u0131r.<\/p><h2><strong>Vizyonumuz<\/strong><\/h2><p>Teranostik uygulamalar alan\u0131nda, d\u00fcnyada referans al\u0131nan\/g\u00f6sterilen bir platform olmakt\u0131r.<\/p><p>[\/et_pb_text][et_pb_code _builder_version=\"4.4.8\"][\/et_pb_code][\/et_pb_column][\/et_pb_row][\/et_pb_section]<\/p>","_et_gb_content_width":"","footnotes":""},"class_list":["post-2582","page","type-page","status-publish","hentry"],"yoast_head":"<!-- This site is optimized with the Yoast SEO plugin v22.5 - https:\/\/yoast.com\/wordpress\/plugins\/seo\/ -->\n<title>About Us - intheranostics<\/title>\n<meta name=\"robots\" content=\"index, follow, max-snippet:-1, max-image-preview:large, max-video-preview:-1\" \/>\n<link rel=\"canonical\" href=\"https:\/\/www.intheranostics.com\/en\/about-us\/\" \/>\n<meta property=\"og:locale\" content=\"en_US\" \/>\n<meta property=\"og:type\" content=\"article\" \/>\n<meta property=\"og:title\" content=\"About Us - intheranostics\" \/>\n<meta property=\"og:description\" content=\"[et_pb_section fb_built=&#8221;1&#8243; inner_shadow=&#8221;on&#8221; fullwidth=&#8221;on&#8221; _builder_version=&#8221;4.4.8&#8243; background_color=&#8221;rgba(0,0,0,0)&#8221; background_image=&#8221;https:\/\/www.intheranostics.com\/wp-content\/uploads\/2020\/09\/New-Project-6.jpg&#8221; min_height=&#8221;360px&#8221; custom_padding=&#8221;100px||100px||false|false&#8221;][et_pb_fullwidth_header title=&#8221;About Us&#8221; _builder_version=&#8221;4.4.8&#8243; background_enable_color=&#8221;off&#8221; hover_enabled=&#8221;0&#8243; title_font_size=&#8221;50px&#8221;][\/et_pb_fullwidth_header][\/et_pb_section][et_pb_section fb_built=&#8221;1&#8243; _builder_version=&#8221;4.4.8&#8243; custom_margin=&#8221;0px||0px||false|false&#8221; custom_padding=&#8221;0px|0px|0px|0px|false|false&#8221;][et_pb_row _builder_version=&#8221;4.4.8&#8243; custom_margin=&#8221;0px||||false|false&#8221; custom_padding=&#8221;0px|0px|0px|0px|false|false&#8221;][et_pb_column type=&#8221;4_4&#8243; _builder_version=&#8221;4.4.8&#8243;][et_pb_divider divider_weight=&#8221;0px&#8221; _builder_version=&#8221;4.4.8&#8243; use_background_color_gradient=&#8221;on&#8221; background_color_gradient_start=&#8221;#8dd2e1&#8243; background_color_gradient_end=&#8221;#23afca&#8221; background_color_gradient_direction=&#8221;90deg&#8221; width=&#8221;50%&#8221; module_alignment=&#8221;center&#8221; height=&#8221;10px&#8221;][\/et_pb_divider][\/et_pb_column][\/et_pb_row][\/et_pb_section][et_pb_section fb_built=&#8221;1&#8243; admin_label=&#8221;section&#8221; _builder_version=&#8221;3.22&#8243;][et_pb_row _builder_version=&#8221;4.4.8&#8243;][et_pb_column _builder_version=&#8221;4.4.8&#8243; type=&#8221;4_4&#8243;][et_pb_text _builder_version=&#8221;4.4.8&#8243; hover_enabled=&#8221;0&#8243;] Who Are We? Intheranostics.com;\u00a0is a digital platform that provides theranostic health services. Intheranostics.com is [&hellip;]\" \/>\n<meta property=\"og:url\" content=\"https:\/\/www.intheranostics.com\/en\/about-us\/\" \/>\n<meta property=\"og:site_name\" content=\"intheranostics\" \/>\n<meta property=\"article:modified_time\" content=\"2020-11-08T20:51:39+00:00\" \/>\n<meta name=\"twitter:card\" content=\"summary_large_image\" \/>\n<meta name=\"twitter:label1\" content=\"Est. reading time\" \/>\n\t<meta name=\"twitter:data1\" content=\"2 minutes\" \/>\n<script type=\"application\/ld+json\" class=\"yoast-schema-graph\">{\"@context\":\"https:\/\/schema.org\",\"@graph\":[{\"@type\":\"WebPage\",\"@id\":\"https:\/\/www.intheranostics.com\/en\/about-us\/\",\"url\":\"https:\/\/www.intheranostics.com\/en\/about-us\/\",\"name\":\"About Us - intheranostics\",\"isPartOf\":{\"@id\":\"https:\/\/www.intheranostics.com\/#website\"},\"datePublished\":\"2020-10-05T22:30:55+00:00\",\"dateModified\":\"2020-11-08T20:51:39+00:00\",\"breadcrumb\":{\"@id\":\"https:\/\/www.intheranostics.com\/en\/about-us\/#breadcrumb\"},\"inLanguage\":\"en-US\",\"potentialAction\":[{\"@type\":\"ReadAction\",\"target\":[\"https:\/\/www.intheranostics.com\/en\/about-us\/\"]}]},{\"@type\":\"BreadcrumbList\",\"@id\":\"https:\/\/www.intheranostics.com\/en\/about-us\/#breadcrumb\",\"itemListElement\":[{\"@type\":\"ListItem\",\"position\":1,\"name\":\"Ana sayfa\",\"item\":\"https:\/\/www.intheranostics.com\/en\/\"},{\"@type\":\"ListItem\",\"position\":2,\"name\":\"About Us\"}]},{\"@type\":\"WebSite\",\"@id\":\"https:\/\/www.intheranostics.com\/#website\",\"url\":\"https:\/\/www.intheranostics.com\/\",\"name\":\"intheranostics\",\"description\":\"Internal Radionuclide Diagnosis &amp; Therapy\",\"potentialAction\":[{\"@type\":\"SearchAction\",\"target\":{\"@type\":\"EntryPoint\",\"urlTemplate\":\"https:\/\/www.intheranostics.com\/?s={search_term_string}\"},\"query-input\":\"required name=search_term_string\"}],\"inLanguage\":\"en-US\"}]}<\/script>\n<!-- \/ Yoast SEO plugin. -->","yoast_head_json":{"title":"About Us - intheranostics","robots":{"index":"index","follow":"follow","max-snippet":"max-snippet:-1","max-image-preview":"max-image-preview:large","max-video-preview":"max-video-preview:-1"},"canonical":"https:\/\/www.intheranostics.com\/en\/about-us\/","og_locale":"en_US","og_type":"article","og_title":"About Us - intheranostics","og_description":"[et_pb_section fb_built=&#8221;1&#8243; inner_shadow=&#8221;on&#8221; fullwidth=&#8221;on&#8221; _builder_version=&#8221;4.4.8&#8243; background_color=&#8221;rgba(0,0,0,0)&#8221; background_image=&#8221;https:\/\/www.intheranostics.com\/wp-content\/uploads\/2020\/09\/New-Project-6.jpg&#8221; min_height=&#8221;360px&#8221; custom_padding=&#8221;100px||100px||false|false&#8221;][et_pb_fullwidth_header title=&#8221;About Us&#8221; _builder_version=&#8221;4.4.8&#8243; background_enable_color=&#8221;off&#8221; hover_enabled=&#8221;0&#8243; title_font_size=&#8221;50px&#8221;][\/et_pb_fullwidth_header][\/et_pb_section][et_pb_section fb_built=&#8221;1&#8243; _builder_version=&#8221;4.4.8&#8243; custom_margin=&#8221;0px||0px||false|false&#8221; custom_padding=&#8221;0px|0px|0px|0px|false|false&#8221;][et_pb_row _builder_version=&#8221;4.4.8&#8243; custom_margin=&#8221;0px||||false|false&#8221; custom_padding=&#8221;0px|0px|0px|0px|false|false&#8221;][et_pb_column type=&#8221;4_4&#8243; _builder_version=&#8221;4.4.8&#8243;][et_pb_divider divider_weight=&#8221;0px&#8221; _builder_version=&#8221;4.4.8&#8243; use_background_color_gradient=&#8221;on&#8221; background_color_gradient_start=&#8221;#8dd2e1&#8243; background_color_gradient_end=&#8221;#23afca&#8221; background_color_gradient_direction=&#8221;90deg&#8221; width=&#8221;50%&#8221; module_alignment=&#8221;center&#8221; height=&#8221;10px&#8221;][\/et_pb_divider][\/et_pb_column][\/et_pb_row][\/et_pb_section][et_pb_section fb_built=&#8221;1&#8243; admin_label=&#8221;section&#8221; _builder_version=&#8221;3.22&#8243;][et_pb_row _builder_version=&#8221;4.4.8&#8243;][et_pb_column _builder_version=&#8221;4.4.8&#8243; type=&#8221;4_4&#8243;][et_pb_text _builder_version=&#8221;4.4.8&#8243; hover_enabled=&#8221;0&#8243;] Who Are We? Intheranostics.com;\u00a0is a digital platform that provides theranostic health services. Intheranostics.com is [&hellip;]","og_url":"https:\/\/www.intheranostics.com\/en\/about-us\/","og_site_name":"intheranostics","article_modified_time":"2020-11-08T20:51:39+00:00","twitter_card":"summary_large_image","twitter_misc":{"Est. reading time":"2 minutes"},"schema":{"@context":"https:\/\/schema.org","@graph":[{"@type":"WebPage","@id":"https:\/\/www.intheranostics.com\/en\/about-us\/","url":"https:\/\/www.intheranostics.com\/en\/about-us\/","name":"About Us - intheranostics","isPartOf":{"@id":"https:\/\/www.intheranostics.com\/#website"},"datePublished":"2020-10-05T22:30:55+00:00","dateModified":"2020-11-08T20:51:39+00:00","breadcrumb":{"@id":"https:\/\/www.intheranostics.com\/en\/about-us\/#breadcrumb"},"inLanguage":"en-US","potentialAction":[{"@type":"ReadAction","target":["https:\/\/www.intheranostics.com\/en\/about-us\/"]}]},{"@type":"BreadcrumbList","@id":"https:\/\/www.intheranostics.com\/en\/about-us\/#breadcrumb","itemListElement":[{"@type":"ListItem","position":1,"name":"Ana sayfa","item":"https:\/\/www.intheranostics.com\/en\/"},{"@type":"ListItem","position":2,"name":"About Us"}]},{"@type":"WebSite","@id":"https:\/\/www.intheranostics.com\/#website","url":"https:\/\/www.intheranostics.com\/","name":"intheranostics","description":"Internal Radionuclide Diagnosis &amp; Therapy","potentialAction":[{"@type":"SearchAction","target":{"@type":"EntryPoint","urlTemplate":"https:\/\/www.intheranostics.com\/?s={search_term_string}"},"query-input":"required name=search_term_string"}],"inLanguage":"en-US"}]}},"_links":{"self":[{"href":"https:\/\/www.intheranostics.com\/en\/wp-json\/wp\/v2\/pages\/2582","targetHints":{"allow":["GET"]}}],"collection":[{"href":"https:\/\/www.intheranostics.com\/en\/wp-json\/wp\/v2\/pages"}],"about":[{"href":"https:\/\/www.intheranostics.com\/en\/wp-json\/wp\/v2\/types\/page"}],"author":[{"embeddable":true,"href":"https:\/\/www.intheranostics.com\/en\/wp-json\/wp\/v2\/users\/6"}],"replies":[{"embeddable":true,"href":"https:\/\/www.intheranostics.com\/en\/wp-json\/wp\/v2\/comments?post=2582"}],"version-history":[{"count":4,"href":"https:\/\/www.intheranostics.com\/en\/wp-json\/wp\/v2\/pages\/2582\/revisions"}],"predecessor-version":[{"id":4162,"href":"https:\/\/www.intheranostics.com\/en\/wp-json\/wp\/v2\/pages\/2582\/revisions\/4162"}],"wp:attachment":[{"href":"https:\/\/www.intheranostics.com\/en\/wp-json\/wp\/v2\/media?parent=2582"}],"curies":[{"name":"wp","href":"https:\/\/api.w.org\/{rel}","templated":true}]}}