{"id":2273,"date":"2020-10-01T13:50:44","date_gmt":"2020-10-01T10:50:44","guid":{"rendered":"https:\/\/www.intheranostics.com\/?page_id=2273"},"modified":"2021-07-16T11:53:13","modified_gmt":"2021-07-16T08:53:13","slug":"what-is-theranostics","status":"publish","type":"page","link":"https:\/\/www.intheranostics.com\/en\/what-is-theranostics\/","title":{"rendered":"What is Theranostics?"},"content":{"rendered":"<p>[et_pb_section fb_built=&#8221;1&#8243; fullwidth=&#8221;on&#8221; _builder_version=&#8221;4.4.8&#8243; background_color=&#8221;rgba(0,0,0,0)&#8221; background_image=&#8221;https:\/\/www.intheranostics.com\/wp-content\/uploads\/2020\/06\/gorebilirsen-tedavi-edebilirsin.jpg&#8221; custom_padding=&#8221;140px||140px||false|false&#8221; locked=&#8221;off&#8221;][et_pb_fullwidth_header title=&#8221;What is Theranostics?&#8221; content_max_width_last_edited=&#8221;off|desktop&#8221; _builder_version=&#8221;4.4.8&#8243; title_font_size=&#8221;50px&#8221; content_font_size=&#8221;41px&#8221; subhead_font=&#8221;|700|||||||&#8221; subhead_font_size=&#8221;38px&#8221; subhead_line_height=&#8221;1.1em&#8221; background_enable_color=&#8221;off&#8221; background_enable_image=&#8221;off&#8221; custom_margin=&#8221;||||false|false&#8221; custom_padding=&#8221;0px|0px|0px|0px|false|false&#8221; animation_style=&#8221;slide&#8221; animation_direction=&#8221;bottom&#8221;][\/et_pb_fullwidth_header][\/et_pb_section][et_pb_section fb_built=&#8221;1&#8243; _builder_version=&#8221;4.4.8&#8243; custom_margin=&#8221;0px||0px||false|false&#8221; custom_padding=&#8221;0px|0px|0px|0px|false|false&#8221;][et_pb_row _builder_version=&#8221;4.4.8&#8243; custom_margin=&#8221;0px||||false|false&#8221; custom_padding=&#8221;0px|0px|0px|0px|false|false&#8221;][et_pb_column type=&#8221;4_4&#8243; _builder_version=&#8221;4.4.8&#8243;][et_pb_divider divider_weight=&#8221;0px&#8221; _builder_version=&#8221;4.4.8&#8243; use_background_color_gradient=&#8221;on&#8221; background_color_gradient_start=&#8221;#8dd2e1&#8243; background_color_gradient_end=&#8221;#23afca&#8221; background_color_gradient_direction=&#8221;90deg&#8221; width=&#8221;50%&#8221; module_alignment=&#8221;center&#8221; height=&#8221;10px&#8221;][\/et_pb_divider][\/et_pb_column][\/et_pb_row][\/et_pb_section][et_pb_section fb_built=&#8221;1&#8243; admin_label=&#8221;section&#8221; _builder_version=&#8221;3.22&#8243;][et_pb_row admin_label=&#8221;row&#8221; _builder_version=&#8221;4.4.8&#8243; background_size=&#8221;initial&#8221; background_position=&#8221;top_left&#8221; background_repeat=&#8221;repeat&#8221; custom_margin=&#8221;||||false|false&#8221; custom_padding=&#8221;0px|0px|0px|0px|false|false&#8221;][et_pb_column type=&#8221;4_4&#8243; _builder_version=&#8221;3.25&#8243; custom_padding=&#8221;|||&#8221; custom_padding__hover=&#8221;|||&#8221;][et_pb_text admin_label=&#8221;Text&#8221; _builder_version=&#8221;4.4.8&#8243; background_size=&#8221;initial&#8221; background_position=&#8221;top_left&#8221; background_repeat=&#8221;repeat&#8221; max_width=&#8221;800px&#8221; module_alignment=&#8221;center&#8221; hover_enabled=&#8221;0&#8243;]<\/p>\n<p style=\"text-align: center;\"><span style=\"font-size: 26px; font-weight: bold; text-align: center;\">\u201cA new diagnosis and therapy concept which combines personalized diagnostics and treatment targeted at the disease for cancer patients\u201d<\/span><\/p>\n<p>&nbsp;<\/p>\n<p>The word theranostics derives from English words \u201ctherapy\u201d and \u201cdiagnosis\u201d. It combines diagnosis, targeted therapy and monitoring of treatment response.<\/p>\n<p><strong>Theranostic Applications;\u00a0<\/strong>allow for transition from a traditional treatment approach to a modern \u201cpersonalized medicine\u201d approach as they are patient-oriented rather than disease-oriented.<\/p>\n<p>Many diagnostic and therapeutic procedures carried out in the Nuclear medicine clinics are theranostic in nature. The first theranostic agent in history of Nuclear medicine is the radioactive iodine which is used for treatment and imaging of thyroid diseases.<\/p>\n<p>Radioactive Iodine therapy was first used in 1946 for patients with thyroid cancer. Since that time, theranostic agents have been constantly developed and used in medicine, they are used today as well, these practices are at an impressive level due to the outcomes.<\/p>\n<p><strong>For theranostic <\/strong>practices<strong>\u00a0<\/strong>it is possible to gain images that assist with diagnostics and treatment. When the same agent is used for targeted treatment concomitantly. This approach may help to eliminate unnecessary treatments and\/or help to optimize selection of treatment when standard therapy options are not appropriate or are insufficient.<\/p>\n<p>Under <strong>Intheranostics.com<\/strong>, personalized diagnoses and treatments are applied in the following diseases;<\/p>\n<table style=\"width: 396.4px;\">\n<tbody>\n<tr>\n<td style=\"width: 290.4px;\"><span style=\"font-size: 16px;\"><a href=\"https:\/\/www.intheranostics.com\/en\/metastatic-prostate-cancer\/\">Metastatic Prostate Cancer\u00a0<\/a><\/span><\/td>\n<\/tr>\n<tr>\n<td style=\"width: 290.4px;\"><span style=\"font-size: 16px;\"><a href=\"https:\/\/www.intheranostics.com\/en\/bone-metastatic-prostate-cancer\/\">Bone Metastatic Prostate Cancer\u00a0<\/a><\/span><\/td>\n<\/tr>\n<tr>\n<td style=\"width: 290.4px;\"><span style=\"font-size: 16px;\"><a href=\"https:\/\/www.intheranostics.com\/en\/neuroendocrine-tumors\/\">Neuroendocrine Tumors<\/a><\/span><\/td>\n<\/tr>\n<tr>\n<td style=\"width: 290.4px;\"><span style=\"font-size: 16px;\"><a href=\"https:\/\/www.intheranostics.com\/en\/thyroid-cancer\/\">Thyroid Cancer<\/a><\/span><\/td>\n<\/tr>\n<tr>\n<td style=\"width: 290.4px;\"><span style=\"font-size: 16px;\"><a href=\"https:\/\/www.intheranostics.com\/en\/liver-tumors\/\">Liver Tumors<\/a><\/span><\/td>\n<\/tr>\n<\/tbody>\n<\/table>\n<p>&nbsp;<\/p>\n<p><span style=\"font-size: 16px;\">\u00a0<\/span><\/p>\n<p>&nbsp;<\/p>\n<p>[\/et_pb_text][et_pb_code _builder_version=&#8221;4.4.8&#8243;][\/et_pb_code][\/et_pb_column][\/et_pb_row][\/et_pb_section]<\/p>\n","protected":false},"excerpt":{"rendered":"<p>[et_pb_section fb_built=&#8221;1&#8243; fullwidth=&#8221;on&#8221; _builder_version=&#8221;4.4.8&#8243; background_color=&#8221;rgba(0,0,0,0)&#8221; background_image=&#8221;https:\/\/www.intheranostics.com\/wp-content\/uploads\/2020\/06\/gorebilirsen-tedavi-edebilirsin.jpg&#8221; custom_padding=&#8221;140px||140px||false|false&#8221; locked=&#8221;off&#8221;][et_pb_fullwidth_header title=&#8221;What is Theranostics?&#8221; content_max_width_last_edited=&#8221;off|desktop&#8221; _builder_version=&#8221;4.4.8&#8243; title_font_size=&#8221;50px&#8221; content_font_size=&#8221;41px&#8221; subhead_font=&#8221;|700|||||||&#8221; subhead_font_size=&#8221;38px&#8221; subhead_line_height=&#8221;1.1em&#8221; background_enable_color=&#8221;off&#8221; background_enable_image=&#8221;off&#8221; custom_margin=&#8221;||||false|false&#8221; custom_padding=&#8221;0px|0px|0px|0px|false|false&#8221; animation_style=&#8221;slide&#8221; animation_direction=&#8221;bottom&#8221;][\/et_pb_fullwidth_header][\/et_pb_section][et_pb_section fb_built=&#8221;1&#8243; _builder_version=&#8221;4.4.8&#8243; custom_margin=&#8221;0px||0px||false|false&#8221; custom_padding=&#8221;0px|0px|0px|0px|false|false&#8221;][et_pb_row _builder_version=&#8221;4.4.8&#8243; custom_margin=&#8221;0px||||false|false&#8221; custom_padding=&#8221;0px|0px|0px|0px|false|false&#8221;][et_pb_column type=&#8221;4_4&#8243; _builder_version=&#8221;4.4.8&#8243;][et_pb_divider divider_weight=&#8221;0px&#8221; _builder_version=&#8221;4.4.8&#8243; use_background_color_gradient=&#8221;on&#8221; background_color_gradient_start=&#8221;#8dd2e1&#8243; background_color_gradient_end=&#8221;#23afca&#8221; background_color_gradient_direction=&#8221;90deg&#8221; width=&#8221;50%&#8221; module_alignment=&#8221;center&#8221; height=&#8221;10px&#8221;][\/et_pb_divider][\/et_pb_column][\/et_pb_row][\/et_pb_section][et_pb_section fb_built=&#8221;1&#8243; admin_label=&#8221;section&#8221; _builder_version=&#8221;3.22&#8243;][et_pb_row admin_label=&#8221;row&#8221; _builder_version=&#8221;4.4.8&#8243; background_size=&#8221;initial&#8221; background_position=&#8221;top_left&#8221; background_repeat=&#8221;repeat&#8221; custom_margin=&#8221;||||false|false&#8221; custom_padding=&#8221;0px|0px|0px|0px|false|false&#8221;][et_pb_column type=&#8221;4_4&#8243; _builder_version=&#8221;3.25&#8243; custom_padding=&#8221;|||&#8221; [&hellip;]<\/p>\n","protected":false},"author":6,"featured_media":0,"parent":0,"menu_order":0,"comment_status":"closed","ping_status":"closed","template":"","meta":{"_et_pb_use_builder":"on","_et_pb_old_content":"[et_pb_section fb_built=\"1\" fullwidth=\"on\" _builder_version=\"4.4.8\" background_color=\"rgba(0,0,0,0)\" background_image=\"https:\/\/www.intheranostics.com\/wp-content\/uploads\/2020\/06\/gorebilirsen-tedavi-edebilirsin.jpg\" custom_padding=\"140px||140px||false|false\" locked=\"off\"][et_pb_fullwidth_header title=\"Teranostik Nedir?\" content_max_width_last_edited=\"off|desktop\" _builder_version=\"4.4.8\" title_font_size=\"50px\" content_font_size=\"41px\" subhead_font=\"|700|||||||\" subhead_font_size=\"38px\" subhead_line_height=\"1.1em\" background_enable_color=\"off\" background_enable_image=\"off\" custom_margin=\"||||false|false\" custom_padding=\"0px|0px|0px|0px|false|false\" animation_style=\"slide\" animation_direction=\"bottom\"][\/et_pb_fullwidth_header][\/et_pb_section][et_pb_section fb_built=\"1\" _builder_version=\"4.4.8\" custom_margin=\"0px||0px||false|false\" custom_padding=\"0px|0px|0px|0px|false|false\"][et_pb_row _builder_version=\"4.4.8\" custom_margin=\"0px||||false|false\" custom_padding=\"0px|0px|0px|0px|false|false\"][et_pb_column type=\"4_4\" _builder_version=\"4.4.8\"][et_pb_divider divider_weight=\"0px\" _builder_version=\"4.4.8\" use_background_color_gradient=\"on\" background_color_gradient_start=\"#8dd2e1\" background_color_gradient_end=\"#23afca\" background_color_gradient_direction=\"90deg\" width=\"50%\" module_alignment=\"center\" height=\"10px\"][\/et_pb_divider][\/et_pb_column][\/et_pb_row][\/et_pb_section][et_pb_section fb_built=\"1\" admin_label=\"section\" _builder_version=\"3.22\"][et_pb_row admin_label=\"row\" _builder_version=\"4.4.8\" background_size=\"initial\" background_position=\"top_left\" background_repeat=\"repeat\" custom_margin=\"||||false|false\" custom_padding=\"0px|0px|0px|0px|false|false\"][et_pb_column type=\"4_4\" _builder_version=\"3.25\" custom_padding=\"|||\" custom_padding__hover=\"|||\"][et_pb_text admin_label=\"Text\" _builder_version=\"4.4.8\" background_size=\"initial\" background_position=\"top_left\" background_repeat=\"repeat\" max_width=\"800px\" module_alignment=\"center\"]<p style=\"text-align: center;\"><span style=\"font-size: 26px; font-weight: bold; text-align: center;\">\u201cKanser hastas\u0131na, ki\u015fiselle\u015ftirilmi\u015f tan\u0131 ve hastal\u0131\u011f\u0131na hedeflenmi\u015f tedavi imkan\u0131n\u0131 bir arada sunan yeni bir tan\u0131 ve tedavi konseptidir.\u201d<\/span><\/p>\r\n<p>\u00a0<\/p>\r\n<p>Teranostik s\u00f6zc\u00fc\u011f\u00fc; \u0130ngilizce\u2019de \u201ctedavi\u201d ve \u201ctan\u0131\u201d anlam\u0131na gelen \u201ctherapy\u201d ve \u201cdiagnosis\u201d kelimelerinden t\u00fcretilmi\u015ftir. Tan\u0131y\u0131, hedefe y\u00f6nelik tedaviyi ve tedavi yan\u0131t\u0131n\u0131n izlenmesini bir arada sunar.<\/p>\r\n<p><strong>Teranostik uygulamalar\u00a0<\/strong>hastal\u0131k de\u011fil, hasta odakl\u0131 olmas\u0131 nedeniyle geleneksel tedavi yakla\u015f\u0131m\u0131ndan, \u00e7a\u011fda\u015f \u201cki\u015fiselle\u015ftirilmi\u015f t\u0131p\u201d yakla\u015f\u0131m\u0131na ge\u00e7i\u015fi sa\u011flar.<\/p>\r\n<p>N\u00fckleer T\u0131pta yap\u0131lan bir\u00e7ok tan\u0131 ve tedavi i\u015flemi de teranostik kapsam\u0131na girer. N\u00fckleer T\u0131p tarihindeki ilk teranostik ajan; tiroid hastal\u0131klar\u0131nda tedavi ve g\u00f6r\u00fcnt\u00fcleme i\u00e7in kullan\u0131lan radyoaktif iyot\u2019tur.<\/p>\r\n<p>Tiroid kanseri hastalar\u0131nda ilk radyoaktif iyot tedavisi 1946 y\u0131l\u0131nda yap\u0131lm\u0131\u015ft\u0131r. O zamandan bu yana, teranostik ajanlar\u0131n geli\u015fimi ve t\u0131pta kullan\u0131m\u0131 giderek artm\u0131\u015f ve g\u00fcn\u00fcm\u00fczde yap\u0131lan uygulamalar, sonu\u00e7lar\u0131yla heyecan verici bir boyuta ula\u015fm\u0131\u015ft\u0131r.<\/p>\r\n<p><strong>Teranostik <\/strong>uygulamada<strong>\u00a0<\/strong>bir yandan te\u015fhis ve tedaviye yan\u0131t ama\u00e7l\u0131 g\u00f6r\u00fcnt\u00fcler elde edilirken, bir yandan da ayn\u0131 ajan\u0131n hedefe y\u00f6nelik tedavi amac\u0131yla kullan\u0131lmas\u0131 m\u00fcmk\u00fcnd\u00fcr. Bu yakla\u015f\u0131m, standart bir tedavinin uygun olmad\u0131\u011f\u0131 ya da yetersiz kald\u0131\u011f\u0131 hastalarda gereksiz tedavileri ortadan kald\u0131rabilir ve\/veya ila\u00e7 se\u00e7imini optimize etmeye yard\u0131mc\u0131 olabilir.<\/p>\r\n<p><strong>Intheranostics.com<\/strong> alt\u0131nda ki\u015fiye \u00f6zel tan\u0131 ve tedaviler a\u015fa\u011f\u0131daki hastal\u0131klarda uygulanmaktad\u0131r;<\/p>\r\n<table style=\"width: 396.4px;\">\r\n<tbody>\r\n<tr>\r\n<td style=\"width: 290.4px;\"><a href=\"https:\/\/www.intheranostics.com\/metastatik-prostat-kanseri\/\"><span style=\"font-size: 16px;\">Metastatik Prostat Kanseri\u00a0<\/span><\/a><\/td>\r\n<\/tr>\r\n<tr>\r\n<td style=\"width: 290.4px;\"><a href=\"https:\/\/www.intheranostics.com\/kemige-metastatik-prostat-kanseri\/\"><span style=\"font-size: 16px;\">Kemi\u011fe Metastatik Prostat Kanseri\u00a0<\/span><\/a><\/td>\r\n<\/tr>\r\n<tr>\r\n<td style=\"width: 290.4px;\"><a href=\"https:\/\/www.intheranostics.com\/noroendokrin-tumorler\/\"><span style=\"font-size: 16px;\">N\u00f6roendokrin T\u00fcm\u00f6rler<\/span><\/a><\/td>\r\n<\/tr>\r\n<tr>\r\n<td style=\"width: 290.4px;\"><a href=\"https:\/\/www.intheranostics.com\/tiroid-kanseri\/\"><span style=\"font-size: 16px;\">Tiroid Kanseri<\/span><\/a><\/td>\r\n<\/tr>\r\n<tr>\r\n<td style=\"width: 290.4px;\"><a href=\"https:\/\/www.intheranostics.com\/karaciger-tumorleri\/\"><span style=\"font-size: 16px;\">Karaci\u011fer T\u00fcm\u00f6rleri<\/span><\/a><\/td>\r\n<\/tr>\r\n<\/tbody>\r\n<\/table>\r\n<p>\u00a0<\/p>\r\n<p><span style=\"font-size: 16px;\">\u00a0<\/span><\/p>\r\n<p>\u00a0<\/p>[\/et_pb_text][et_pb_code _builder_version=\"4.4.8\"][\/et_pb_code][\/et_pb_column][\/et_pb_row][\/et_pb_section]","_et_gb_content_width":"","footnotes":""},"class_list":["post-2273","page","type-page","status-publish","hentry"],"yoast_head":"<!-- This site is optimized with the Yoast SEO plugin v22.5 - https:\/\/yoast.com\/wordpress\/plugins\/seo\/ -->\n<title>What is Theranostics? - intheranostics<\/title>\n<meta name=\"robots\" content=\"index, follow, max-snippet:-1, max-image-preview:large, max-video-preview:-1\" \/>\n<link rel=\"canonical\" href=\"https:\/\/www.intheranostics.com\/en\/what-is-theranostics\/\" \/>\n<meta property=\"og:locale\" content=\"en_US\" \/>\n<meta property=\"og:type\" content=\"article\" \/>\n<meta property=\"og:title\" content=\"What is Theranostics? - intheranostics\" \/>\n<meta property=\"og:description\" content=\"[et_pb_section fb_built=&#8221;1&#8243; fullwidth=&#8221;on&#8221; _builder_version=&#8221;4.4.8&#8243; background_color=&#8221;rgba(0,0,0,0)&#8221; background_image=&#8221;https:\/\/www.intheranostics.com\/wp-content\/uploads\/2020\/06\/gorebilirsen-tedavi-edebilirsin.jpg&#8221; custom_padding=&#8221;140px||140px||false|false&#8221; locked=&#8221;off&#8221;][et_pb_fullwidth_header title=&#8221;What is Theranostics?&#8221; content_max_width_last_edited=&#8221;off|desktop&#8221; _builder_version=&#8221;4.4.8&#8243; title_font_size=&#8221;50px&#8221; content_font_size=&#8221;41px&#8221; subhead_font=&#8221;|700|||||||&#8221; subhead_font_size=&#8221;38px&#8221; subhead_line_height=&#8221;1.1em&#8221; background_enable_color=&#8221;off&#8221; background_enable_image=&#8221;off&#8221; custom_margin=&#8221;||||false|false&#8221; custom_padding=&#8221;0px|0px|0px|0px|false|false&#8221; animation_style=&#8221;slide&#8221; animation_direction=&#8221;bottom&#8221;][\/et_pb_fullwidth_header][\/et_pb_section][et_pb_section fb_built=&#8221;1&#8243; _builder_version=&#8221;4.4.8&#8243; custom_margin=&#8221;0px||0px||false|false&#8221; custom_padding=&#8221;0px|0px|0px|0px|false|false&#8221;][et_pb_row _builder_version=&#8221;4.4.8&#8243; custom_margin=&#8221;0px||||false|false&#8221; custom_padding=&#8221;0px|0px|0px|0px|false|false&#8221;][et_pb_column type=&#8221;4_4&#8243; _builder_version=&#8221;4.4.8&#8243;][et_pb_divider divider_weight=&#8221;0px&#8221; _builder_version=&#8221;4.4.8&#8243; use_background_color_gradient=&#8221;on&#8221; background_color_gradient_start=&#8221;#8dd2e1&#8243; background_color_gradient_end=&#8221;#23afca&#8221; background_color_gradient_direction=&#8221;90deg&#8221; width=&#8221;50%&#8221; module_alignment=&#8221;center&#8221; height=&#8221;10px&#8221;][\/et_pb_divider][\/et_pb_column][\/et_pb_row][\/et_pb_section][et_pb_section fb_built=&#8221;1&#8243; admin_label=&#8221;section&#8221; _builder_version=&#8221;3.22&#8243;][et_pb_row admin_label=&#8221;row&#8221; _builder_version=&#8221;4.4.8&#8243; background_size=&#8221;initial&#8221; background_position=&#8221;top_left&#8221; background_repeat=&#8221;repeat&#8221; custom_margin=&#8221;||||false|false&#8221; custom_padding=&#8221;0px|0px|0px|0px|false|false&#8221;][et_pb_column type=&#8221;4_4&#8243; _builder_version=&#8221;3.25&#8243; custom_padding=&#8221;|||&#8221; [&hellip;]\" \/>\n<meta property=\"og:url\" content=\"https:\/\/www.intheranostics.com\/en\/what-is-theranostics\/\" \/>\n<meta property=\"og:site_name\" content=\"intheranostics\" \/>\n<meta property=\"article:modified_time\" content=\"2021-07-16T08:53:13+00:00\" \/>\n<meta name=\"twitter:card\" content=\"summary_large_image\" \/>\n<meta name=\"twitter:label1\" content=\"Est. reading time\" \/>\n\t<meta name=\"twitter:data1\" content=\"3 minutes\" \/>\n<script type=\"application\/ld+json\" class=\"yoast-schema-graph\">{\"@context\":\"https:\/\/schema.org\",\"@graph\":[{\"@type\":\"WebPage\",\"@id\":\"https:\/\/www.intheranostics.com\/en\/what-is-theranostics\/\",\"url\":\"https:\/\/www.intheranostics.com\/en\/what-is-theranostics\/\",\"name\":\"What is Theranostics? - intheranostics\",\"isPartOf\":{\"@id\":\"https:\/\/www.intheranostics.com\/#website\"},\"datePublished\":\"2020-10-01T10:50:44+00:00\",\"dateModified\":\"2021-07-16T08:53:13+00:00\",\"breadcrumb\":{\"@id\":\"https:\/\/www.intheranostics.com\/en\/what-is-theranostics\/#breadcrumb\"},\"inLanguage\":\"en-US\",\"potentialAction\":[{\"@type\":\"ReadAction\",\"target\":[\"https:\/\/www.intheranostics.com\/en\/what-is-theranostics\/\"]}]},{\"@type\":\"BreadcrumbList\",\"@id\":\"https:\/\/www.intheranostics.com\/en\/what-is-theranostics\/#breadcrumb\",\"itemListElement\":[{\"@type\":\"ListItem\",\"position\":1,\"name\":\"Ana sayfa\",\"item\":\"https:\/\/www.intheranostics.com\/en\/\"},{\"@type\":\"ListItem\",\"position\":2,\"name\":\"What is Theranostics?\"}]},{\"@type\":\"WebSite\",\"@id\":\"https:\/\/www.intheranostics.com\/#website\",\"url\":\"https:\/\/www.intheranostics.com\/\",\"name\":\"intheranostics\",\"description\":\"Internal Radionuclide Diagnosis &amp; Therapy\",\"potentialAction\":[{\"@type\":\"SearchAction\",\"target\":{\"@type\":\"EntryPoint\",\"urlTemplate\":\"https:\/\/www.intheranostics.com\/?s={search_term_string}\"},\"query-input\":\"required name=search_term_string\"}],\"inLanguage\":\"en-US\"}]}<\/script>\n<!-- \/ Yoast SEO plugin. -->","yoast_head_json":{"title":"What is Theranostics? - intheranostics","robots":{"index":"index","follow":"follow","max-snippet":"max-snippet:-1","max-image-preview":"max-image-preview:large","max-video-preview":"max-video-preview:-1"},"canonical":"https:\/\/www.intheranostics.com\/en\/what-is-theranostics\/","og_locale":"en_US","og_type":"article","og_title":"What is Theranostics? - intheranostics","og_description":"[et_pb_section fb_built=&#8221;1&#8243; fullwidth=&#8221;on&#8221; _builder_version=&#8221;4.4.8&#8243; background_color=&#8221;rgba(0,0,0,0)&#8221; background_image=&#8221;https:\/\/www.intheranostics.com\/wp-content\/uploads\/2020\/06\/gorebilirsen-tedavi-edebilirsin.jpg&#8221; custom_padding=&#8221;140px||140px||false|false&#8221; locked=&#8221;off&#8221;][et_pb_fullwidth_header title=&#8221;What is Theranostics?&#8221; content_max_width_last_edited=&#8221;off|desktop&#8221; _builder_version=&#8221;4.4.8&#8243; title_font_size=&#8221;50px&#8221; content_font_size=&#8221;41px&#8221; subhead_font=&#8221;|700|||||||&#8221; subhead_font_size=&#8221;38px&#8221; subhead_line_height=&#8221;1.1em&#8221; background_enable_color=&#8221;off&#8221; background_enable_image=&#8221;off&#8221; custom_margin=&#8221;||||false|false&#8221; custom_padding=&#8221;0px|0px|0px|0px|false|false&#8221; animation_style=&#8221;slide&#8221; animation_direction=&#8221;bottom&#8221;][\/et_pb_fullwidth_header][\/et_pb_section][et_pb_section fb_built=&#8221;1&#8243; _builder_version=&#8221;4.4.8&#8243; custom_margin=&#8221;0px||0px||false|false&#8221; custom_padding=&#8221;0px|0px|0px|0px|false|false&#8221;][et_pb_row _builder_version=&#8221;4.4.8&#8243; custom_margin=&#8221;0px||||false|false&#8221; custom_padding=&#8221;0px|0px|0px|0px|false|false&#8221;][et_pb_column type=&#8221;4_4&#8243; _builder_version=&#8221;4.4.8&#8243;][et_pb_divider divider_weight=&#8221;0px&#8221; _builder_version=&#8221;4.4.8&#8243; use_background_color_gradient=&#8221;on&#8221; background_color_gradient_start=&#8221;#8dd2e1&#8243; background_color_gradient_end=&#8221;#23afca&#8221; background_color_gradient_direction=&#8221;90deg&#8221; width=&#8221;50%&#8221; module_alignment=&#8221;center&#8221; height=&#8221;10px&#8221;][\/et_pb_divider][\/et_pb_column][\/et_pb_row][\/et_pb_section][et_pb_section fb_built=&#8221;1&#8243; admin_label=&#8221;section&#8221; _builder_version=&#8221;3.22&#8243;][et_pb_row admin_label=&#8221;row&#8221; _builder_version=&#8221;4.4.8&#8243; background_size=&#8221;initial&#8221; background_position=&#8221;top_left&#8221; background_repeat=&#8221;repeat&#8221; custom_margin=&#8221;||||false|false&#8221; custom_padding=&#8221;0px|0px|0px|0px|false|false&#8221;][et_pb_column type=&#8221;4_4&#8243; _builder_version=&#8221;3.25&#8243; custom_padding=&#8221;|||&#8221; [&hellip;]","og_url":"https:\/\/www.intheranostics.com\/en\/what-is-theranostics\/","og_site_name":"intheranostics","article_modified_time":"2021-07-16T08:53:13+00:00","twitter_card":"summary_large_image","twitter_misc":{"Est. reading time":"3 minutes"},"schema":{"@context":"https:\/\/schema.org","@graph":[{"@type":"WebPage","@id":"https:\/\/www.intheranostics.com\/en\/what-is-theranostics\/","url":"https:\/\/www.intheranostics.com\/en\/what-is-theranostics\/","name":"What is Theranostics? - intheranostics","isPartOf":{"@id":"https:\/\/www.intheranostics.com\/#website"},"datePublished":"2020-10-01T10:50:44+00:00","dateModified":"2021-07-16T08:53:13+00:00","breadcrumb":{"@id":"https:\/\/www.intheranostics.com\/en\/what-is-theranostics\/#breadcrumb"},"inLanguage":"en-US","potentialAction":[{"@type":"ReadAction","target":["https:\/\/www.intheranostics.com\/en\/what-is-theranostics\/"]}]},{"@type":"BreadcrumbList","@id":"https:\/\/www.intheranostics.com\/en\/what-is-theranostics\/#breadcrumb","itemListElement":[{"@type":"ListItem","position":1,"name":"Ana sayfa","item":"https:\/\/www.intheranostics.com\/en\/"},{"@type":"ListItem","position":2,"name":"What is Theranostics?"}]},{"@type":"WebSite","@id":"https:\/\/www.intheranostics.com\/#website","url":"https:\/\/www.intheranostics.com\/","name":"intheranostics","description":"Internal Radionuclide Diagnosis &amp; Therapy","potentialAction":[{"@type":"SearchAction","target":{"@type":"EntryPoint","urlTemplate":"https:\/\/www.intheranostics.com\/?s={search_term_string}"},"query-input":"required name=search_term_string"}],"inLanguage":"en-US"}]}},"_links":{"self":[{"href":"https:\/\/www.intheranostics.com\/en\/wp-json\/wp\/v2\/pages\/2273","targetHints":{"allow":["GET"]}}],"collection":[{"href":"https:\/\/www.intheranostics.com\/en\/wp-json\/wp\/v2\/pages"}],"about":[{"href":"https:\/\/www.intheranostics.com\/en\/wp-json\/wp\/v2\/types\/page"}],"author":[{"embeddable":true,"href":"https:\/\/www.intheranostics.com\/en\/wp-json\/wp\/v2\/users\/6"}],"replies":[{"embeddable":true,"href":"https:\/\/www.intheranostics.com\/en\/wp-json\/wp\/v2\/comments?post=2273"}],"version-history":[{"count":8,"href":"https:\/\/www.intheranostics.com\/en\/wp-json\/wp\/v2\/pages\/2273\/revisions"}],"predecessor-version":[{"id":7184,"href":"https:\/\/www.intheranostics.com\/en\/wp-json\/wp\/v2\/pages\/2273\/revisions\/7184"}],"wp:attachment":[{"href":"https:\/\/www.intheranostics.com\/en\/wp-json\/wp\/v2\/media?parent=2273"}],"curies":[{"name":"wp","href":"https:\/\/api.w.org\/{rel}","templated":true}]}}